{"id":68,"date":"2023-01-26T14:19:56","date_gmt":"2023-01-26T14:19:56","guid":{"rendered":"https:\/\/reinigungsdienst-celle.de\/?page_id=68"},"modified":"2023-01-27T13:23:06","modified_gmt":"2023-01-27T13:23:06","slug":"graffitientfernung-gewerblich-u-privat","status":"publish","type":"page","link":"https:\/\/reinigungsdienst-celle.de\/?page_id=68","title":{"rendered":"Graffitientfernung"},"content":{"rendered":"<div class=\"n2_clear\"><ss3-force-full-width data-overflow-x=\"body\" data-horizontal-selector=\"body\"><div class=\"n2-section-smartslider fitvidsignore  n2_clear\" data-ssid=\"6\" tabindex=\"0\" role=\"region\" aria-label=\"Slider\"><div id=\"n2-ss-6-align\" class=\"n2-ss-align\"><div class=\"n2-padding\"><div id=\"n2-ss-6\" data-creator=\"Smart Slider 3\" data-responsive=\"fullwidth\" class=\"n2-ss-slider n2-ow n2-has-hover n2notransition  \">\n        <div class=\"n2-ss-slider-1 n2_ss__touch_element n2-ow\">\n            <div class=\"n2-ss-slider-2 n2-ow\">\n                                                <div class=\"n2-ss-slider-3 n2-ow\">\n\n                    <div class=\"n2-ss-slide-backgrounds n2-ow-all\"><div class=\"n2-ss-slide-background\" data-public-id=\"1\" data-mode=\"fill\"><div class=\"n2-ss-slide-background-image\" data-blur=\"0\" data-opacity=\"100\" data-x=\"75\" data-y=\"42\" data-alt=\"\" data-title=\"\" style=\"--ss-o-pos-x:75%;--ss-o-pos-y:42%\"><picture class=\"skip-lazy\" data-skip-lazy=\"1\"><img decoding=\"async\" src=\"\/\/reinigungsdienst-celle.de\/wp-content\/uploads\/2023\/01\/Sonderreinigung-Bild-4.jpg\" alt=\"\" title=\"\" loading=\"lazy\" class=\"skip-lazy\" data-skip-lazy=\"1\"><\/picture><\/div><div data-color=\"RGBA(255,255,255,0)\" style=\"background-color: RGBA(255,255,255,0);\" class=\"n2-ss-slide-background-color\"><\/div><\/div><\/div>                    <div class=\"n2-ss-slider-4 n2-ow\">\n                        <svg xmlns=\"http:\/\/www.w3.org\/2000\/svg\" viewBox=\"0 0 1200 600\" data-related-device=\"desktopPortrait\" class=\"n2-ow n2-ss-preserve-size n2-ss-preserve-size--slider n2-ss-slide-limiter\"><\/svg><div data-first=\"1\" data-slide-duration=\"0\" data-id=\"10\" data-slide-public-id=\"1\" data-title=\"Startseite\" class=\"n2-ss-slide n2-ow  n2-ss-slide-10\"><div role=\"note\" class=\"n2-ss-slide--focus\" tabindex=\"-1\">Startseite<\/div><div class=\"n2-ss-layers-container n2-ss-slide-limiter n2-ow\"><div class=\"n2-ss-layer n2-ow n-uc-6KgDHFOgwHUC\" data-sstype=\"slide\" data-pm=\"default\"><div class=\"n2-ss-layer n2-ow n-uc-LtXNCbiDf5NM\" data-pm=\"default\" data-sstype=\"content\" data-hasbackground=\"0\"><div class=\"n2-ss-section-main-content n2-ss-layer-with-background n2-ss-layer-content n2-ow n-uc-LtXNCbiDf5NM-inner\"><div class=\"n2-ss-layer n2-ow n-uc-130129f41ace0 n2-ss-layer--auto\" data-pm=\"absolute\" data-responsiveposition=\"1\" data-desktopportraitleft=\"-499\" data-tabletportraitleft=\"-454\" data-mobileportraitleft=\"-341\" data-desktopportraittop=\"183\" data-tabletportraittop=\"181\" data-mobileportraittop=\"212\" data-responsivesize=\"1\" data-desktopportraitwidth=\"98.4167\" data-tabletportraitwidth=\"192\" data-mobileportraitwidth=\"413\" data-desktopportraitheight=\"auto\" data-tabletportraitheight=\"auto\" data-mobileportraitheight=\"auto\" data-desktopportraitalign=\"center\" data-tabletportraitalign=\"center\" data-mobileportraitalign=\"center\" data-desktopportraitvalign=\"middle\" data-tabletportraitvalign=\"middle\" data-mobileportraitvalign=\"middle\" data-parentid=\"\" data-desktopportraitparentalign=\"center\" data-desktopportraitparentvalign=\"middle\" data-sstype=\"layer\"><div class=\"n2-ss-button-container n2-ss-item-content n2-ow n2-font-176464dee0eea5b1ac11b21dab9b24d2-link  n2-ss-nowrap n2-ss-button-container--non-full-width\"><a class=\"n2-style-07229a1828f0fcd007a513644558d654-heading  n2-ow \" href=\"tel:+495813897460\"><div><div>Anrufen<\/div><\/div><\/a><\/div><\/div><div class=\"n2-ss-layer n2-ow n-uc-10775e1e99522 n2-ss-layer--auto\" data-pm=\"absolute\" data-responsiveposition=\"1\" data-desktopportraitleft=\"-361\" data-tabletportraitleft=\"-185\" data-mobileportraitleft=\"210\" data-desktopportraittop=\"183\" data-tabletportraittop=\"180\" data-mobileportraittop=\"212\" data-responsivesize=\"1\" data-desktopportraitwidth=\"98.4167\" data-tabletportraitwidth=\"281\" data-mobileportraitwidth=\"615\" data-desktopportraitheight=\"auto\" data-tabletportraitheight=\"auto\" data-mobileportraitheight=\"auto\" data-desktopportraitalign=\"center\" data-tabletportraitalign=\"center\" data-mobileportraitalign=\"center\" data-desktopportraitvalign=\"middle\" data-tabletportraitvalign=\"middle\" data-mobileportraitvalign=\"middle\" data-parentid=\"\" data-desktopportraitparentalign=\"center\" data-desktopportraitparentvalign=\"middle\" data-sstype=\"layer\"><div class=\"n2-ss-button-container n2-ss-item-content n2-ow n2-font-176464dee0eea5b1ac11b21dab9b24d2-link  n2-ss-nowrap n2-ss-button-container--non-full-width\"><a class=\"n2-style-f3f0201f736af42b564518412e1dfda7-heading  n2-ow \" href=\"mailto:info@reinigungsdienst-celle.de\"><div><div>Anfrage per Mail<\/div><\/div><\/a><\/div><\/div><div class=\"n2-ss-layer n2-ow n-uc-134e91120d72a\" data-pm=\"absolute\" data-responsiveposition=\"1\" data-desktopportraitleft=\"-204\" data-tabletportraitleft=\"-207\" data-mobileportraitleft=\"-173\" data-desktopportraittop=\"-8\" data-tabletportraittop=\"-30\" data-mobileportraittop=\"-38\" data-responsivesize=\"1\" data-desktopportraitwidth=\"689\" data-tabletportraitwidth=\"688\" data-mobileportraitwidth=\"750\" data-desktopportraitheight=\"106\" data-tabletportraitheight=\"135\" data-mobileportraitheight=\"278\" data-desktopportraitalign=\"center\" data-mobileportraitalign=\"center\" data-desktopportraitvalign=\"middle\" data-mobileportraitvalign=\"middle\" data-parentid=\"\" data-desktopportraitparentalign=\"center\" data-desktopportraitparentvalign=\"middle\" data-sstype=\"layer\"><div class=\"n2-ss-item-content n2-ss-text n2-ow-all\"><div class=\"\"><p class=\"n2-font-31ba3469dde2a52b913e36b7dba2b188-paragraph   \">Der Schmutz, der einfach nicht<br \/>\n weggehen will<\/p>\n<\/div><\/div><\/div><div class=\"n2-ss-layer n2-ow n-uc-12ccb80fb23bb\" data-pm=\"absolute\" data-responsiveposition=\"1\" data-desktopportraitleft=\"-204\" data-tabletportraitleft=\"-216\" data-desktopportraittop=\"111\" data-tabletportraittop=\"92\" data-responsivesize=\"1\" data-desktopportraitwidth=\"689\" data-tabletportraitwidth=\"671\" data-desktopportraitheight=\"106\" data-tabletportraitheight=\"108\" data-desktopportraitalign=\"center\" data-tabletportraitalign=\"center\" data-desktopportraitvalign=\"middle\" data-tabletportraitvalign=\"middle\" data-parentid=\"\" data-desktopportraitparentalign=\"center\" data-desktopportraitparentvalign=\"middle\" data-hidemobileportrait=\"1\" data-sstype=\"layer\"><div class=\"n2-ss-item-content n2-ss-text n2-ow-all\"><div class=\"\"><p class=\"n2-font-d837ab4520ce5d96b8b893383a862df6-paragraph   \">Wir entfernen grobe Verschmutzungen<br \/>\nin allen Ecken und Kanten<\/p>\n<\/div><\/div><\/div><\/div><\/div><\/div><\/div><\/div>                    <\/div>\n\n                                    <\/div>\n            <\/div>\n        <\/div>\n        <\/div><ss3-loader><\/ss3-loader><\/div><\/div><div class=\"n2_clear\"><\/div><\/div><\/ss3-force-full-width><\/div>\n\n\n<div style=\"height:80px\" aria-hidden=\"true\" class=\"wp-block-spacer\"><\/div>\n\n\n\n<div class=\"wp-block-columns is-layout-flex wp-container-core-columns-is-layout-9d6595d7 wp-block-columns-is-layout-flex\">\n<div class=\"wp-block-column is-layout-flow wp-block-column-is-layout-flow\"><\/div>\n\n\n\n<div class=\"wp-block-column is-layout-flow wp-block-column-is-layout-flow\" style=\"padding-right:30px;padding-left:30px;flex-basis:600px\">\n<h3 class=\"has-text-align-left has-text-color wp-block-heading\" style=\"color:#45423f\">Graffitientfernung<\/h3>\n\n\n\n<p><\/p>\n\n\n\n<p>Wir entfernen ungew\u00fcnschte Malereien und sorgen daf\u00fcr dass die Fassade Ihres Objektes wieder ihren urspr\u00fcnglichen Zustand erh\u00e4lt. <\/p>\n\n\n\n<p class=\"has-text-align-left has-text-color\" style=\"color:#0086c8\"><\/p>\n\n\n\n<div class=\"wp-block-buttons is-layout-flex wp-block-buttons-is-layout-flex\" style=\"margin-top:50px\">\n<div class=\"wp-block-button\"><a class=\"wp-block-button__link wp-element-button\" href=\"https:\/\/reinigungsdienst-celle.de\/\">Zur\u00fcck<\/a><\/div>\n<\/div>\n\n\n\n<div class=\"wp-block-columns is-layout-flex wp-container-core-columns-is-layout-fe45859a wp-block-columns-is-layout-flex\" style=\"margin-top:100px\">\n<div class=\"wp-block-column is-layout-flow wp-block-column-is-layout-flow\"><\/div>\n\n\n\n<div class=\"wp-block-column is-layout-flow wp-block-column-is-layout-flow\"><\/div>\n<\/div>\n\n\n\n<p><\/p>\n<\/div>\n\n\n\n<div class=\"wp-block-column is-layout-flow wp-block-column-is-layout-flow\" style=\"flex-basis:170px\">\n<p class=\"has-text-align-center has-text-color\" style=\"color:#0086c8\"><\/p>\n<\/div>\n\n\n\n<div class=\"wp-block-column is-layout-flow wp-block-column-is-layout-flow\" style=\"flex-basis:300px\">\n<p class=\"has-text-align-center has-text-color\" style=\"color:#0086c8\"><\/p>\n<\/div>\n\n\n\n<div class=\"wp-block-column is-layout-flow wp-block-column-is-layout-flow\"><\/div>\n<\/div>\n\n\n\n<div class=\"wp-block-cover alignfull\" style=\"min-height:400px;aspect-ratio:unset;\"><span aria-hidden=\"true\" class=\"wp-block-cover__background has-background-dim-100 has-background-dim\" style=\"background-color:#45423f\"><\/span><div class=\"wp-block-cover__inner-container is-layout-flow wp-block-cover-is-layout-flow\">\n<div class=\"wp-block-columns are-vertically-aligned-center is-layout-flex wp-container-core-columns-is-layout-3cccdce9 wp-block-columns-is-layout-flex\">\n<div class=\"wp-block-column is-layout-flow wp-block-column-is-layout-flow\">\n<h4 class=\"wp-block-heading\"><\/h4>\n<\/div>\n\n\n\n<div class=\"wp-block-column is-layout-flow wp-block-column-is-layout-flow\" style=\"padding-left:30px;flex-basis:300px\">\n<p><\/p>\n\n\n\n<h3 class=\"has-text-align-left has-text-color wp-block-heading\" style=\"color:#0086c8;margin-top:20px\">Fragen Sie an<\/h3>\n\n\n\n<p class=\"has-text-align-left has-nv-site-bg-color has-text-color\"><br>Gerne unterbreiten wir Ihnen ein <br>unverbindliches <a href=\"mailto:info@reinigungsdienst-celle.de\">Angebot<\/a><br><\/p>\n\n\n\n<h3 class=\"has-text-align-left has-text-color wp-block-heading\" style=\"color:#0086c8;margin-top:20px\">Auf Jobsuche?<\/h3>\n\n\n\n<p class=\"has-text-align-left\"><br>Wir freuen uns auf Ihre kurze<br><a href=\"https:\/\/reinigungsdienst-celle.de\/?page_id=157\" data-type=\"page\" data-id=\"157\">Bewerbung<\/a> als Reinigungskraft <br>oder Glasreiniger<\/p>\n<\/div>\n\n\n\n<div class=\"wp-block-column is-layout-flow wp-block-column-is-layout-flow\" style=\"padding-left:30px;flex-basis:300px\">\n<p><\/p>\n\n\n\n<h3 class=\"has-text-color wp-block-heading\" style=\"color:#0086c8;margin-top:20px\">Kontakt<\/h3>\n\n\n\n<p><br>Steffen Geb\u00e4udemanagement<br>Veer\u00dfer Str. 59<br>29525 Uelzen<br><br><a href=\"tel:+495813897460\" data-type=\"tel\" data-id=\"tel:+495813897460\">0581 389 7460<\/a><br><a href=\"mailto:info@reinigungsdienst-celle.de\">info@reinigungsdienst-celle.de<\/a><\/p>\n<\/div>\n\n\n\n<div class=\"wp-block-column is-layout-flow wp-block-column-is-layout-flow\" style=\"padding-left:30px;flex-basis:350px\">\n<p><\/p>\n\n\n\n<h3 class=\"has-text-color wp-block-heading\" style=\"color:#0086c8;margin-top:20px\">So finden Sie uns<br><\/h3>\n\n\n\n<p><\/p>\n\n\n<div id=\"wpgmza_map\" class=\"wpgmza_map\" data-settings='{\"id\":\"1\",\"map_title\":\"Meine erste Karte\",\"map_width\":\"100\",\"map_height\":\"400\",\"map_start_lat\":\"52.960667\",\"map_start_lng\":\"10.557116500000001\",\"map_start_location\":\"45.950464398418106,-109.81550500000003\",\"map_start_zoom\":\"17\",\"default_marker\":\"\",\"type\":\"0\",\"alignment\":\"4\",\"directions_enabled\":\"0\",\"styling_enabled\":\"0\",\"styling_json\":\"\",\"active\":\"0\",\"kml\":\"\",\"bicycle\":\"0\",\"traffic\":\"0\",\"dbox\":\"0\",\"dbox_width\":\"\",\"listmarkers\":\"0\",\"listmarkers_advanced\":\"0\",\"filterbycat\":\"0\",\"ugm_enabled\":\"0\",\"ugm_category_enabled\":\"0\",\"fusion\":\"\",\"map_width_type\":\"%\",\"map_height_type\":\"px\",\"mass_marker_support\":\"0\",\"ugm_access\":\"0\",\"order_markers_by\":\"0\",\"order_markers_choice\":\"0\",\"show_user_location\":\"0\",\"default_to\":\"\",\"other_settings\":{\"map_type\":1,\"sl_stroke_color\":\"\",\"sl_fill_color\":\"\",\"sl_stroke_opacity\":\"\",\"sl_fill_opacity\":\"\",\"transport_layer\":false,\"action\":\"wpgmza_save_map\",\"redirect_to\":\"\\\/wp-admin\\\/admin-post.php\",\"map_id\":\"1\",\"http_referer\":\"\\\/wp-admin\\\/admin.php?page=wp-google-maps-menu&amp;amp;action=edit&amp;amp;map_id=1\",\"wpgmza_id\":\"1\",\"wpgmza_start_location\":\"52.960667,10.557116500000001\",\"wpgmza_start_zoom\":\"17\",\"store_locator_enabled\":false,\"store_locator_search_area\":\"radial\",\"wpgmza_store_locator_radius_style\":\"legacy\",\"wpgmza_store_locator_default_radius\":\"10\",\"store_locator_auto_area_max_zoom\":\"\",\"store_locator_distance\":false,\"wpgmza_store_locator_position\":false,\"store_locator_show_distance\":false,\"store_locator_category\":false,\"wpgmza_store_locator_use_their_location\":false,\"wpgmza_store_locator_bounce\":false,\"wpgmza_sl_animation\":null,\"wpgmza_store_locator_hide_before_search\":false,\"store_locator_query_string\":\"\",\"store_locator_location_placeholder\":\"\",\"store_locator_default_address\":\"\",\"store_locator_name_search\":false,\"store_locator_name_string\":\"\",\"store_locator_not_found_message\":\"\",\"wpgmza_map_align\":\"1\",\"jump_to_nearest_marker_on_initialization\":false,\"automatically_pan_to_users_location\":false,\"override_users_location_zoom_level\":false,\"override_users_location_zoom_levels\":\"\",\"show_distance_from_location\":false,\"map_max_zoom\":\"21\",\"map_min_zoom\":\"0\",\"click_open_link\":false,\"fit_maps_bounds_to_markers\":false,\"fit_maps_bounds_to_markers_after_filtering\":false,\"hide_point_of_interest\":false,\"wpgmza_zoom_on_marker_click\":false,\"wpgmza_zoom_on_marker_click_slider\":\"\",\"close_infowindow_on_map_click\":false,\"disable_lightbox_images\":false,\"use_Raw_Jpeg_Coordinates\":false,\"disable_polygon_info_windows\":false,\"enable_marker_ratings\":false,\"only_load_markers_within_viewport\":false,\"iw_primary_color\":\"#000000\",\"iw_accent_color\":\"#000000\",\"iw_text_color\":\"#000000\",\"wpgmza_listmarkers_by\":\"0\",\"wpgmza_marker_listing_position\":false,\"zoom_level_on_marker_listing_override\":false,\"zoom_level_on_marker_listing_click\":\"\",\"marker_listing_disable_zoom\":false,\"datatable_no_result_message\":\"\",\"remove_search_box_datables\":false,\"dataTable_pagination_style\":null,\"datatable_search_string\":\"\",\"datatable_result_start\":\"\",\"datatable_result_of\":\"\",\"datatable_result_to\":\"\",\"datatable_result_total\":\"\",\"datatable_result_show\":\"\",\"datatable_result_entries\":\"\",\"wpgmza_savemap\":\"Karte speichern \\u00bb\"}}' data-map-id='1' Data-maps-engine='open-layers' data-shortcode-attributes='{\"id\":\"1\"}' style=\"display:block; overflow:auto; width:100%; height:400px; float:left;\"><\/div><\/div>\n\n\n\n<div class=\"wp-block-column is-layout-flow wp-block-column-is-layout-flow\">\n<h4 class=\"wp-block-heading\"><\/h4>\n<\/div>\n<\/div>\n<\/div><\/div>\n\n\n\n<div class=\"wp-block-columns is-layout-flex wp-container-core-columns-is-layout-9d6595d7 wp-block-columns-is-layout-flex\"><\/div>\n","protected":false},"excerpt":{"rendered":"<p>Graffitientfernung Wir entfernen ungew\u00fcnschte Malereien und sorgen daf\u00fcr dass die Fassade Ihres Objektes wieder ihren urspr\u00fcnglichen Zustand erh\u00e4lt.<\/p>\n","protected":false},"author":1,"featured_media":0,"parent":0,"menu_order":0,"comment_status":"closed","ping_status":"closed","template":"","meta":{"neve_meta_sidebar":"","neve_meta_container":"full-width","neve_meta_enable_content_width":"","neve_meta_content_width":0,"neve_meta_title_alignment":"","neve_meta_author_avatar":"","neve_post_elements_order":"","neve_meta_disable_header":"","neve_meta_disable_footer":"on","neve_meta_disable_title":"on","footnotes":""},"class_list":["post-68","page","type-page","status-publish","hentry"],"yoast_head":"<!-- This site is optimized with the Yoast SEO plugin v22.1 - https:\/\/yoast.com\/wordpress\/plugins\/seo\/ -->\n<title>Graffitientfernung Celle \/ Niedersachsen<\/title>\n<meta name=\"description\" content=\"Wir entfernen ungew\u00fcnschte Malereien und sorgen daf\u00fcr dass durch die Graffitientfernung die Fassade Ihres Objektes wieder gut aussieht.\" \/>\n<meta name=\"robots\" content=\"index, follow, max-snippet:-1, max-image-preview:large, max-video-preview:-1\" \/>\n<link rel=\"canonical\" href=\"https:\/\/reinigungsdienst-celle.de\/?page_id=68\" \/>\n<meta property=\"og:locale\" content=\"de_DE\" \/>\n<meta property=\"og:type\" content=\"article\" \/>\n<meta property=\"og:title\" content=\"Graffitientfernung Celle \/ Niedersachsen\" \/>\n<meta property=\"og:description\" content=\"Wir entfernen ungew\u00fcnschte Malereien und sorgen daf\u00fcr dass durch die Graffitientfernung die Fassade Ihres Objektes wieder gut aussieht.\" \/>\n<meta property=\"og:url\" content=\"https:\/\/reinigungsdienst-celle.de\/?page_id=68\" \/>\n<meta property=\"og:site_name\" content=\"Reinigungsdienst Celle\" \/>\n<meta property=\"article:modified_time\" content=\"2023-01-27T13:23:06+00:00\" \/>\n<meta name=\"twitter:card\" content=\"summary_large_image\" \/>\n<meta name=\"twitter:label1\" content=\"Gesch\u00e4tzte Lesezeit\" \/>\n\t<meta name=\"twitter:data1\" content=\"1\u00a0Minute\" \/>\n<script type=\"application\/ld+json\" class=\"yoast-schema-graph\">{\"@context\":\"https:\/\/schema.org\",\"@graph\":[{\"@type\":\"WebPage\",\"@id\":\"https:\/\/reinigungsdienst-celle.de\/?page_id=68\",\"url\":\"https:\/\/reinigungsdienst-celle.de\/?page_id=68\",\"name\":\"Graffitientfernung Celle \/ Niedersachsen\",\"isPartOf\":{\"@id\":\"https:\/\/reinigungsdienst-celle.de\/#website\"},\"datePublished\":\"2023-01-26T14:19:56+00:00\",\"dateModified\":\"2023-01-27T13:23:06+00:00\",\"description\":\"Wir entfernen ungew\u00fcnschte Malereien und sorgen daf\u00fcr dass durch die Graffitientfernung die Fassade Ihres Objektes wieder gut aussieht.\",\"breadcrumb\":{\"@id\":\"https:\/\/reinigungsdienst-celle.de\/?page_id=68#breadcrumb\"},\"inLanguage\":\"de\",\"potentialAction\":[{\"@type\":\"ReadAction\",\"target\":[\"https:\/\/reinigungsdienst-celle.de\/?page_id=68\"]}]},{\"@type\":\"BreadcrumbList\",\"@id\":\"https:\/\/reinigungsdienst-celle.de\/?page_id=68#breadcrumb\",\"itemListElement\":[{\"@type\":\"ListItem\",\"position\":1,\"name\":\"Startseite\",\"item\":\"https:\/\/reinigungsdienst-celle.de\/\"},{\"@type\":\"ListItem\",\"position\":2,\"name\":\"Graffitientfernung\"}]},{\"@type\":\"WebSite\",\"@id\":\"https:\/\/reinigungsdienst-celle.de\/#website\",\"url\":\"https:\/\/reinigungsdienst-celle.de\/\",\"name\":\"Reinigungsdienst Celle\",\"description\":\"\",\"potentialAction\":[{\"@type\":\"SearchAction\",\"target\":{\"@type\":\"EntryPoint\",\"urlTemplate\":\"https:\/\/reinigungsdienst-celle.de\/?s={search_term_string}\"},\"query-input\":\"required name=search_term_string\"}],\"inLanguage\":\"de\"}]}<\/script>\n<!-- \/ Yoast SEO plugin. -->","yoast_head_json":{"title":"Graffitientfernung Celle \/ Niedersachsen","description":"Wir entfernen ungew\u00fcnschte Malereien und sorgen daf\u00fcr dass durch die Graffitientfernung die Fassade Ihres Objektes wieder gut aussieht.","robots":{"index":"index","follow":"follow","max-snippet":"max-snippet:-1","max-image-preview":"max-image-preview:large","max-video-preview":"max-video-preview:-1"},"canonical":"https:\/\/reinigungsdienst-celle.de\/?page_id=68","og_locale":"de_DE","og_type":"article","og_title":"Graffitientfernung Celle \/ Niedersachsen","og_description":"Wir entfernen ungew\u00fcnschte Malereien und sorgen daf\u00fcr dass durch die Graffitientfernung die Fassade Ihres Objektes wieder gut aussieht.","og_url":"https:\/\/reinigungsdienst-celle.de\/?page_id=68","og_site_name":"Reinigungsdienst Celle","article_modified_time":"2023-01-27T13:23:06+00:00","twitter_card":"summary_large_image","twitter_misc":{"Gesch\u00e4tzte Lesezeit":"1\u00a0Minute"},"schema":{"@context":"https:\/\/schema.org","@graph":[{"@type":"WebPage","@id":"https:\/\/reinigungsdienst-celle.de\/?page_id=68","url":"https:\/\/reinigungsdienst-celle.de\/?page_id=68","name":"Graffitientfernung Celle \/ Niedersachsen","isPartOf":{"@id":"https:\/\/reinigungsdienst-celle.de\/#website"},"datePublished":"2023-01-26T14:19:56+00:00","dateModified":"2023-01-27T13:23:06+00:00","description":"Wir entfernen ungew\u00fcnschte Malereien und sorgen daf\u00fcr dass durch die Graffitientfernung die Fassade Ihres Objektes wieder gut aussieht.","breadcrumb":{"@id":"https:\/\/reinigungsdienst-celle.de\/?page_id=68#breadcrumb"},"inLanguage":"de","potentialAction":[{"@type":"ReadAction","target":["https:\/\/reinigungsdienst-celle.de\/?page_id=68"]}]},{"@type":"BreadcrumbList","@id":"https:\/\/reinigungsdienst-celle.de\/?page_id=68#breadcrumb","itemListElement":[{"@type":"ListItem","position":1,"name":"Startseite","item":"https:\/\/reinigungsdienst-celle.de\/"},{"@type":"ListItem","position":2,"name":"Graffitientfernung"}]},{"@type":"WebSite","@id":"https:\/\/reinigungsdienst-celle.de\/#website","url":"https:\/\/reinigungsdienst-celle.de\/","name":"Reinigungsdienst Celle","description":"","potentialAction":[{"@type":"SearchAction","target":{"@type":"EntryPoint","urlTemplate":"https:\/\/reinigungsdienst-celle.de\/?s={search_term_string}"},"query-input":"required name=search_term_string"}],"inLanguage":"de"}]}},"_links":{"self":[{"href":"https:\/\/reinigungsdienst-celle.de\/index.php?rest_route=\/wp\/v2\/pages\/68","targetHints":{"allow":["GET"]}}],"collection":[{"href":"https:\/\/reinigungsdienst-celle.de\/index.php?rest_route=\/wp\/v2\/pages"}],"about":[{"href":"https:\/\/reinigungsdienst-celle.de\/index.php?rest_route=\/wp\/v2\/types\/page"}],"author":[{"embeddable":true,"href":"https:\/\/reinigungsdienst-celle.de\/index.php?rest_route=\/wp\/v2\/users\/1"}],"replies":[{"embeddable":true,"href":"https:\/\/reinigungsdienst-celle.de\/index.php?rest_route=%2Fwp%2Fv2%2Fcomments&post=68"}],"version-history":[{"count":3,"href":"https:\/\/reinigungsdienst-celle.de\/index.php?rest_route=\/wp\/v2\/pages\/68\/revisions"}],"predecessor-version":[{"id":186,"href":"https:\/\/reinigungsdienst-celle.de\/index.php?rest_route=\/wp\/v2\/pages\/68\/revisions\/186"}],"wp:attachment":[{"href":"https:\/\/reinigungsdienst-celle.de\/index.php?rest_route=%2Fwp%2Fv2%2Fmedia&parent=68"}],"curies":[{"name":"wp","href":"https:\/\/api.w.org\/{rel}","templated":true}]}}